{"id":94,"date":"2024-09-09T22:31:34","date_gmt":"2024-09-09T20:31:34","guid":{"rendered":"https:\/\/br.awstudio.website\/?page_id=94"},"modified":"2025-07-01T11:22:37","modified_gmt":"2025-07-01T09:22:37","slug":"nos-engagements","status":"publish","type":"page","link":"https:\/\/www.br-agency.fr\/en\/nos-engagements\/","title":{"rendered":"OUR COMMITMENT"},"content":{"rendered":"<div data-elementor-type=\"wp-page\" data-elementor-id=\"94\" class=\"elementor elementor-94\" data-elementor-post-type=\"page\">\n\t\t\t\t<div class=\"elementor-element elementor-element-59eb111 e-flex e-con-boxed e-con e-parent\" data-id=\"59eb111\" data-element_type=\"container\" data-e-type=\"container\" data-settings=\"{&quot;background_background&quot;:&quot;classic&quot;}\">\n\t\t\t\t\t<div class=\"e-con-inner\">\n\t\t<div class=\"elementor-element elementor-element-5a8b3f9 e-con-full e-flex e-con e-child\" data-id=\"5a8b3f9\" data-element_type=\"container\" data-e-type=\"container\">\n\t\t\t\t<div class=\"elementor-element elementor-element-8af64f1 elementor-invisible elementor-widget elementor-widget-heading\" data-id=\"8af64f1\" data-element_type=\"widget\" data-e-type=\"widget\" data-settings=\"{&quot;_animation&quot;:&quot;fadeInDown&quot;}\" data-widget_type=\"heading.default\">\n\t\t\t\t<div class=\"elementor-widget-container\">\n\t\t\t\t\t<h1 class=\"elementor-heading-title elementor-size-default\">OUR COMMITMENT<\/h1>\t\t\t\t<\/div>\n\t\t\t\t<\/div>\n\t\t\t\t<div class=\"elementor-element elementor-element-93ae7e8 elementor-invisible elementor-widget elementor-widget-text-editor\" data-id=\"93ae7e8\" data-element_type=\"widget\" data-e-type=\"widget\" data-settings=\"{&quot;_animation&quot;:&quot;fadeInDown&quot;}\" data-widget_type=\"text-editor.default\">\n\t\t\t\t<div class=\"elementor-widget-container\">\n\t\t\t\t\t\t\t\t\t<h4>For an impact that makes sense.<\/h4>\t\t\t\t\t\t\t\t<\/div>\n\t\t\t\t<\/div>\n\t\t\t\t<div class=\"elementor-element elementor-element-c887dd4 elementor-widget elementor-widget-button\" data-id=\"c887dd4\" data-element_type=\"widget\" data-e-type=\"widget\" data-widget_type=\"button.default\">\n\t\t\t\t<div class=\"elementor-widget-container\">\n\t\t\t\t\t\t\t\t\t<div class=\"elementor-button-wrapper\">\n\t\t\t\t\t<a class=\"elementor-button elementor-button-link elementor-size-sm\" href=\"#savoir\">\n\t\t\t\t\t\t<span class=\"elementor-button-content-wrapper\">\n\t\t\t\t\t\t<span class=\"elementor-button-icon\">\n\t\t\t\t<svg xmlns=\"http:\/\/www.w3.org\/2000\/svg\" xmlns:xlink=\"http:\/\/www.w3.org\/1999\/xlink\" width=\"23\" height=\"23\" viewbox=\"0 0 23 23\" fill=\"none\"><rect width=\"22.5\" height=\"22.5\" fill=\"url(#pattern0_17_2)\"><\/rect><defs><pattern id=\"pattern0_17_2\" patterncontentunits=\"objectBoundingBox\" width=\"1\" height=\"1\"><use xlink:href=\"#image0_17_2\" transform=\"scale(0.0222222)\"><\/use><\/pattern><image id=\"image0_17_2\" width=\"45\" height=\"45\" xlink:href=\"data:image\/png;base64,iVBORw0KGgoAAAANSUhEUgAAAC0AAAAtCAYAAAA6GuKaAAAABHNCSVQICAgIfAhkiAAAAY9JREFUWEft1\/1NwzAQBXC8AZvABsAITAAdoRvABMAGHYENYARGYQN4V+JSjB3fx+MPpIsUKW0S+5fTc+yUE\/L2ga1p8r6UcsfspjAbk7YSPahoVjrjsTLYMh4Zj4zHZDbKySUnl5WIZDwyHhkP+4r+f689MOrP8cw3+DTa2p\/9+w722wPtnaL1B+xb2N6lp32lF\/ALDuWCHU5uvHAmegGLSwr6hv1K4KUBV6sbzkI34Or6guPkKw4uOpV1wRnoAbgSrwUtkRD4GQMeRU\/AG8RjVzNNg0fQGvBhIC6DkQL3orXgH2gW3IO2gH+hGXAr2gruoqNwC9oDHqIjcC3aC15Fe+EadAQ8RXvgM3QUrEJb4WtoBliNtsBHaBbYhNbCe2jc+4i9rtba1cJ+au4sIYZ\/mT8CZmsV9HTb9PaE37Igk+VlGGyudO1xAtcWzVzh2rC50iS4G+yudBAeAofRisFJyXDbiDsexw0pMx6ucDjT7dNP4DQwJR6KilPBdHQn43Twn6CP4JeY6Z61L23LdZ9jhn6Xftaw0wAAAABJRU5ErkJggg==\"><\/image><\/defs><\/svg>\t\t\t<\/span>\n\t\t\t\t\t\t\t\t<\/span>\n\t\t\t\t\t<\/a>\n\t\t\t\t<\/div>\n\t\t\t\t\t\t\t\t<\/div>\n\t\t\t\t<\/div>\n\t\t\t\t<\/div>\n\t\t\t\t\t<\/div>\n\t\t\t\t<\/div>\n\t\t<div class=\"elementor-element elementor-element-2786da6 e-flex e-con-boxed e-con e-parent\" data-id=\"2786da6\" data-element_type=\"container\" data-e-type=\"container\" data-settings=\"{&quot;background_background&quot;:&quot;classic&quot;}\">\n\t\t\t\t\t<div class=\"e-con-inner\">\n\t\t\t\t<div class=\"elementor-element elementor-element-bcb059a elementor-absolute elementor-widget elementor-widget-menu-anchor\" data-id=\"bcb059a\" data-element_type=\"widget\" data-e-type=\"widget\" data-settings=\"{&quot;_position&quot;:&quot;absolute&quot;}\" data-widget_type=\"menu-anchor.default\">\n\t\t\t\t<div class=\"elementor-widget-container\">\n\t\t\t\t\t\t\t<div class=\"elementor-menu-anchor\" id=\"savoir\"><\/div>\n\t\t\t\t\t\t<\/div>\n\t\t\t\t<\/div>\n\t\t<div class=\"elementor-element elementor-element-e1f8754 e-con-full e-flex e-con e-child\" data-id=\"e1f8754\" data-element_type=\"container\" data-e-type=\"container\">\n\t\t\t\t<div class=\"elementor-element elementor-element-bcc5f31 elementor-invisible elementor-widget elementor-widget-image\" data-id=\"bcc5f31\" data-element_type=\"widget\" data-e-type=\"widget\" data-settings=\"{&quot;_animation&quot;:&quot;fadeInLeft&quot;}\" data-widget_type=\"image.default\">\n\t\t\t\t<div class=\"elementor-widget-container\">\n\t\t\t\t\t\t\t\t\t\t\t\t\t\t\t<img fetchpriority=\"high\" decoding=\"async\" width=\"800\" height=\"796\" src=\"https:\/\/www.br-agency.fr\/wp-content\/uploads\/2024\/10\/Engagement-Valeurs-fortes-et-partages-1024x1019.jpg\" class=\"attachment-large size-large wp-image-826\" alt=\"\" srcset=\"https:\/\/www.br-agency.fr\/wp-content\/uploads\/2024\/10\/Engagement-Valeurs-fortes-et-partages-1024x1019.jpg 1024w, https:\/\/www.br-agency.fr\/wp-content\/uploads\/2024\/10\/Engagement-Valeurs-fortes-et-partages-300x298.jpg 300w, https:\/\/www.br-agency.fr\/wp-content\/uploads\/2024\/10\/Engagement-Valeurs-fortes-et-partages-100x100.jpg 100w, https:\/\/www.br-agency.fr\/wp-content\/uploads\/2024\/10\/Engagement-Valeurs-fortes-et-partages-600x597.jpg 600w, https:\/\/www.br-agency.fr\/wp-content\/uploads\/2024\/10\/Engagement-Valeurs-fortes-et-partages-150x150.jpg 150w, https:\/\/www.br-agency.fr\/wp-content\/uploads\/2024\/10\/Engagement-Valeurs-fortes-et-partages-768x764.jpg 768w, https:\/\/www.br-agency.fr\/wp-content\/uploads\/2024\/10\/Engagement-Valeurs-fortes-et-partages-1536x1528.jpg 1536w, https:\/\/www.br-agency.fr\/wp-content\/uploads\/2024\/10\/Engagement-Valeurs-fortes-et-partages.jpg 1544w\" sizes=\"(max-width: 800px) 100vw, 800px\" \/>\t\t\t\t\t\t\t\t\t\t\t\t\t\t\t<\/div>\n\t\t\t\t<\/div>\n\t\t\t\t<\/div>\n\t\t<div class=\"elementor-element elementor-element-67d958a e-con-full e-flex e-con e-child\" data-id=\"67d958a\" data-element_type=\"container\" data-e-type=\"container\">\n\t\t\t\t<div class=\"elementor-element elementor-element-db6ecd3 elementor-invisible elementor-widget elementor-widget-heading\" data-id=\"db6ecd3\" data-element_type=\"widget\" data-e-type=\"widget\" data-settings=\"{&quot;_animation&quot;:&quot;fadeInRight&quot;}\" data-widget_type=\"heading.default\">\n\t\t\t\t<div class=\"elementor-widget-container\">\n\t\t\t\t\t<h3 class=\"elementor-heading-title elementor-size-default\">Strong and shared values that make sense<\/h3>\t\t\t\t<\/div>\n\t\t\t\t<\/div>\n\t\t\t\t<div class=\"elementor-element elementor-element-5bfa69c elementor-invisible elementor-widget elementor-widget-text-editor\" data-id=\"5bfa69c\" data-element_type=\"widget\" data-e-type=\"widget\" data-settings=\"{&quot;_animation&quot;:&quot;fadeInRight&quot;}\" data-widget_type=\"text-editor.default\">\n\t\t\t\t<div class=\"elementor-widget-container\">\n\t\t\t\t\t\t\t\t\t<ul><li class=\"translation-block\"><strong>Team spirit:<\/strong> solidarity and cohesion are the pillars of our day-to-day collaboration.<\/li><li class=\"translation-block\"><strong>Emotions:<\/strong> Experienced and shared during each of our projects, emotions are at the heart of our business.<\/li><li class=\"translation-block\"><strong>Commitment:<\/strong> our dedication and motivation enable us to design bespoken, innovative and creative solutions!<\/li><li class=\"translation-block\"><strong>Excellence:<\/strong>Consulting and project quality are what drive us and demonstrate our expertise in all our operations.<\/li><\/ul>\t\t\t\t\t\t\t\t<\/div>\n\t\t\t\t<\/div>\n\t\t\t\t<\/div>\n\t\t\t\t\t<\/div>\n\t\t\t\t<\/div>\n\t\t<div class=\"elementor-element elementor-element-73ac4fc e-flex e-con-boxed e-con e-parent\" data-id=\"73ac4fc\" data-element_type=\"container\" data-e-type=\"container\" data-settings=\"{&quot;background_background&quot;:&quot;classic&quot;}\">\n\t\t\t\t\t<div class=\"e-con-inner\">\n\t\t\t\t<div class=\"elementor-element elementor-element-0c6f2f0 elementor-invisible elementor-widget elementor-widget-image\" data-id=\"0c6f2f0\" data-element_type=\"widget\" data-e-type=\"widget\" data-settings=\"{&quot;_animation&quot;:&quot;fadeInDown&quot;}\" data-widget_type=\"image.default\">\n\t\t\t\t<div class=\"elementor-widget-container\">\n\t\t\t\t\t\t\t\t\t\t\t\t\t\t\t<img decoding=\"async\" width=\"150\" height=\"150\" src=\"https:\/\/www.br-agency.fr\/wp-content\/uploads\/2024\/09\/iso20121@2x-150x150.png\" class=\"attachment-thumbnail size-thumbnail wp-image-102\" alt=\"\" srcset=\"https:\/\/www.br-agency.fr\/wp-content\/uploads\/2024\/09\/iso20121@2x-150x150.png 150w, https:\/\/www.br-agency.fr\/wp-content\/uploads\/2024\/09\/iso20121@2x-300x300.png 300w, https:\/\/www.br-agency.fr\/wp-content\/uploads\/2024\/09\/iso20121@2x-100x100.png 100w, https:\/\/www.br-agency.fr\/wp-content\/uploads\/2024\/09\/iso20121@2x.png 351w\" sizes=\"(max-width: 150px) 100vw, 150px\" \/>\t\t\t\t\t\t\t\t\t\t\t\t\t\t\t<\/div>\n\t\t\t\t<\/div>\n\t\t\t\t<div class=\"elementor-element elementor-element-bce5fca elementor-invisible elementor-widget elementor-widget-heading\" data-id=\"bce5fca\" data-element_type=\"widget\" data-e-type=\"widget\" data-settings=\"{&quot;_animation&quot;:&quot;fadeInDown&quot;}\" data-widget_type=\"heading.default\">\n\t\t\t\t<div class=\"elementor-widget-container\">\n\t\t\t\t\t<h3 class=\"elementor-heading-title elementor-size-default\">THE ISO 20 121 : 2012 STANDARD<\/h3>\t\t\t\t<\/div>\n\t\t\t\t<\/div>\n\t\t<div class=\"elementor-element elementor-element-73f1da1 e-con-full e-flex e-con e-child\" data-id=\"73f1da1\" data-element_type=\"container\" data-e-type=\"container\">\n\t\t\t\t<div class=\"elementor-element elementor-element-56c1d74 elementor-invisible elementor-widget elementor-widget-text-editor\" data-id=\"56c1d74\" data-element_type=\"widget\" data-e-type=\"widget\" data-settings=\"{&quot;_animation&quot;:&quot;fadeInDown&quot;}\" data-widget_type=\"text-editor.default\">\n\t\t\t\t<div class=\"elementor-widget-container\">\n\t\t\t\t\t\t\t\t\tTo formalize all our commitments and respect the various principles and objectives of Sustainable Development, we decided to implement a Responsible Management System based on the ISO 20 121: 2012 standard.\t\t\t\t\t\t\t\t<\/div>\n\t\t\t\t<\/div>\n\t\t\t\t<div class=\"elementor-element elementor-element-ce5179f elementor-invisible elementor-widget elementor-widget-text-editor\" data-id=\"ce5179f\" data-element_type=\"widget\" data-e-type=\"widget\" data-settings=\"{&quot;_animation&quot;:&quot;fadeInDown&quot;}\" data-widget_type=\"text-editor.default\">\n\t\t\t\t<div class=\"elementor-widget-container\">\n\t\t\t\t\t\t\t\t\tObtained in March 2023, this standard is a reference for responsible management in event activities. This standard is a key step in our vision to actively contribute to the renewal of our industry.\t\t\t\t\t\t\t\t<\/div>\n\t\t\t\t<\/div>\n\t\t\t\t<\/div>\n\t\t\t\t\t<\/div>\n\t\t\t\t<\/div>\n\t\t<div class=\"elementor-element elementor-element-f7fdc60 e-flex e-con-boxed e-con e-parent\" data-id=\"f7fdc60\" data-element_type=\"container\" data-e-type=\"container\" data-settings=\"{&quot;background_background&quot;:&quot;classic&quot;}\">\n\t\t\t\t\t<div class=\"e-con-inner\">\n\t\t<div class=\"elementor-element elementor-element-4687966 e-con-full e-flex e-con e-child\" data-id=\"4687966\" data-element_type=\"container\" data-e-type=\"container\">\n\t\t\t\t<div class=\"elementor-element elementor-element-fe53167 elementor-invisible elementor-widget elementor-widget-heading\" data-id=\"fe53167\" data-element_type=\"widget\" data-e-type=\"widget\" data-settings=\"{&quot;_animation&quot;:&quot;fadeInLeft&quot;}\" data-widget_type=\"heading.default\">\n\t\t\t\t<div class=\"elementor-widget-container\">\n\t\t\t\t\t<h3 class=\"elementor-heading-title elementor-size-default\">OUR COMMITMENT<\/h3>\t\t\t\t<\/div>\n\t\t\t\t<\/div>\n\t\t\t\t<div class=\"elementor-element elementor-element-520b67d elementor-invisible elementor-widget elementor-widget-text-editor\" data-id=\"520b67d\" data-element_type=\"widget\" data-e-type=\"widget\" data-settings=\"{&quot;_animation&quot;:&quot;fadeInLeft&quot;}\" data-widget_type=\"text-editor.default\">\n\t\t\t\t<div class=\"elementor-widget-container\">\n\t\t\t\t\t\t\t\t\t<p>Our aim is to ensure that our challenges, our objectives and our decision-making are sustainable, and to do so with all the stakeholders who make up our ecosystem. This ambitious responsibility, embraced by all our teams, has had an impact on our approach, forcing us to modify our practices and know-how.\u00a0<\/p>\t\t\t\t\t\t\t\t<\/div>\n\t\t\t\t<\/div>\n\t\t\t\t<\/div>\n\t\t\t\t<div class=\"elementor-element elementor-element-878ff95 elementor-invisible elementor-widget elementor-widget-image\" data-id=\"878ff95\" data-element_type=\"widget\" data-e-type=\"widget\" data-settings=\"{&quot;_animation&quot;:&quot;fadeInRight&quot;}\" data-widget_type=\"image.default\">\n\t\t\t\t<div class=\"elementor-widget-container\">\n\t\t\t\t\t\t\t\t\t\t\t\t\t\t\t<img decoding=\"async\" width=\"600\" height=\"800\" src=\"https:\/\/www.br-agency.fr\/wp-content\/uploads\/2024\/11\/0108ca5a-255f-4339-b311-95bf90d3e358.jpg\" class=\"attachment-medium_large size-medium_large wp-image-1084\" alt=\"\" srcset=\"https:\/\/www.br-agency.fr\/wp-content\/uploads\/2024\/11\/0108ca5a-255f-4339-b311-95bf90d3e358.jpg 600w, https:\/\/www.br-agency.fr\/wp-content\/uploads\/2024\/11\/0108ca5a-255f-4339-b311-95bf90d3e358-225x300.jpg 225w\" sizes=\"(max-width: 600px) 100vw, 600px\" \/>\t\t\t\t\t\t\t\t\t\t\t\t\t\t\t<\/div>\n\t\t\t\t<\/div>\n\t\t\t\t\t<\/div>\n\t\t\t\t<\/div>\n\t\t\t\t<\/div>","protected":false},"excerpt":{"rendered":"<p>NOS ENGAGEMENTS Pour un impact qui a du sens. Des valeurs fortes et partag\u00e9es qui font sens L\u2019esprit d\u2019\u00e9quipe : la solidarit\u00e9 et la coh\u00e9sion sont les piliers de notre collaboration au quotidien. Les \u00e9motions : v\u00e9cus et partag\u00e9s lors de chacun de nos projets, les \u00e9motions sont au c\u0153ur de notre m\u00e9tier. L\u2019engagement : [&hellip;]<\/p>","protected":false},"author":1,"featured_media":1376,"parent":0,"menu_order":0,"comment_status":"closed","ping_status":"closed","template":"","meta":{"_acf_changed":false,"footnotes":""},"class_list":["post-94","page","type-page","status-publish","has-post-thumbnail","hentry"],"acf":[],"yoast_head":"<!-- This site is optimized with the Yoast SEO plugin v27.4 - https:\/\/yoast.com\/product\/yoast-seo-wordpress\/ -->\n<title>NOS ENGAGEMENTS - BR<\/title>\n<meta name=\"description\" content=\"BR, agence de signal\u00e9tique et habillage engag\u00e9e en RSE : des solutions durables et responsables pour valoriser votre communication.\" \/>\n<meta name=\"robots\" content=\"index, follow, max-snippet:-1, max-image-preview:large, max-video-preview:-1\" \/>\n<link rel=\"canonical\" href=\"https:\/\/www.br-agency.fr\/en\/nos-engagements\/\" \/>\n<meta property=\"og:locale\" content=\"en_US\" \/>\n<meta property=\"og:type\" content=\"article\" \/>\n<meta property=\"og:title\" content=\"NOS ENGAGEMENTS - BR\" \/>\n<meta property=\"og:description\" content=\"BR, agence de signal\u00e9tique et habillage engag\u00e9e en RSE : des solutions durables et responsables pour valoriser votre communication.\" \/>\n<meta property=\"og:url\" content=\"https:\/\/www.br-agency.fr\/en\/nos-engagements\/\" \/>\n<meta property=\"og:site_name\" content=\"BR\" \/>\n<meta property=\"article:modified_time\" content=\"2025-07-01T09:22:37+00:00\" \/>\n<meta property=\"og:image\" content=\"https:\/\/www.br-agency.fr\/wp-content\/uploads\/2024\/11\/Engagement-Valeurs-fortes-et-partages.jpg\" \/>\n\t<meta property=\"og:image:width\" content=\"1544\" \/>\n\t<meta property=\"og:image:height\" content=\"1536\" \/>\n\t<meta property=\"og:image:type\" content=\"image\/jpeg\" \/>\n<meta name=\"twitter:card\" content=\"summary_large_image\" \/>\n<meta name=\"twitter:label1\" content=\"Est. reading time\" \/>\n\t<meta name=\"twitter:data1\" content=\"2 minutes\" \/>\n<script type=\"application\/ld+json\" class=\"yoast-schema-graph\">{\"@context\":\"https:\\\/\\\/schema.org\",\"@graph\":[{\"@type\":\"WebPage\",\"@id\":\"https:\\\/\\\/www.br-agency.fr\\\/nos-engagements\\\/\",\"url\":\"https:\\\/\\\/www.br-agency.fr\\\/nos-engagements\\\/\",\"name\":\"NOS ENGAGEMENTS - BR\",\"isPartOf\":{\"@id\":\"https:\\\/\\\/www.br-agency.fr\\\/#website\"},\"primaryImageOfPage\":{\"@id\":\"https:\\\/\\\/www.br-agency.fr\\\/nos-engagements\\\/#primaryimage\"},\"image\":{\"@id\":\"https:\\\/\\\/www.br-agency.fr\\\/nos-engagements\\\/#primaryimage\"},\"thumbnailUrl\":\"https:\\\/\\\/www.br-agency.fr\\\/wp-content\\\/uploads\\\/2024\\\/11\\\/Engagement-Valeurs-fortes-et-partages.jpg\",\"datePublished\":\"2024-09-09T20:31:34+00:00\",\"dateModified\":\"2025-07-01T09:22:37+00:00\",\"description\":\"BR, agence de signal\u00e9tique et habillage engag\u00e9e en RSE : des solutions durables et responsables pour valoriser votre communication.\",\"breadcrumb\":{\"@id\":\"https:\\\/\\\/www.br-agency.fr\\\/nos-engagements\\\/#breadcrumb\"},\"inLanguage\":\"en-US\",\"potentialAction\":[{\"@type\":\"ReadAction\",\"target\":[\"https:\\\/\\\/www.br-agency.fr\\\/nos-engagements\\\/\"]}]},{\"@type\":\"ImageObject\",\"inLanguage\":\"en-US\",\"@id\":\"https:\\\/\\\/www.br-agency.fr\\\/nos-engagements\\\/#primaryimage\",\"url\":\"https:\\\/\\\/www.br-agency.fr\\\/wp-content\\\/uploads\\\/2024\\\/11\\\/Engagement-Valeurs-fortes-et-partages.jpg\",\"contentUrl\":\"https:\\\/\\\/www.br-agency.fr\\\/wp-content\\\/uploads\\\/2024\\\/11\\\/Engagement-Valeurs-fortes-et-partages.jpg\",\"width\":1544,\"height\":1536},{\"@type\":\"BreadcrumbList\",\"@id\":\"https:\\\/\\\/www.br-agency.fr\\\/nos-engagements\\\/#breadcrumb\",\"itemListElement\":[{\"@type\":\"ListItem\",\"position\":1,\"name\":\"Home\",\"item\":\"https:\\\/\\\/www.br-agency.fr\\\/\"},{\"@type\":\"ListItem\",\"position\":2,\"name\":\"NOS ENGAGEMENTS\"}]},{\"@type\":\"WebSite\",\"@id\":\"https:\\\/\\\/www.br-agency.fr\\\/#website\",\"url\":\"https:\\\/\\\/www.br-agency.fr\\\/\",\"name\":\"BR\",\"description\":\"Le sens de l&#039;impact\",\"publisher\":{\"@id\":\"https:\\\/\\\/www.br-agency.fr\\\/#organization\"},\"potentialAction\":[{\"@type\":\"SearchAction\",\"target\":{\"@type\":\"EntryPoint\",\"urlTemplate\":\"https:\\\/\\\/www.br-agency.fr\\\/?s={search_term_string}\"},\"query-input\":{\"@type\":\"PropertyValueSpecification\",\"valueRequired\":true,\"valueName\":\"search_term_string\"}}],\"inLanguage\":\"en-US\"},{\"@type\":\"Organization\",\"@id\":\"https:\\\/\\\/www.br-agency.fr\\\/#organization\",\"name\":\"BR\",\"url\":\"https:\\\/\\\/www.br-agency.fr\\\/\",\"logo\":{\"@type\":\"ImageObject\",\"inLanguage\":\"en-US\",\"@id\":\"https:\\\/\\\/www.br-agency.fr\\\/#\\\/schema\\\/logo\\\/image\\\/\",\"url\":\"https:\\\/\\\/www.br-agency.fr\\\/wp-content\\\/uploads\\\/2024\\\/11\\\/BR-logo.svg\",\"contentUrl\":\"https:\\\/\\\/www.br-agency.fr\\\/wp-content\\\/uploads\\\/2024\\\/11\\\/BR-logo.svg\",\"width\":76,\"height\":56,\"caption\":\"BR\"},\"image\":{\"@id\":\"https:\\\/\\\/www.br-agency.fr\\\/#\\\/schema\\\/logo\\\/image\\\/\"}}]}<\/script>\n<!-- \/ Yoast SEO plugin. -->","yoast_head_json":{"title":"NOS ENGAGEMENTS - BR","description":"BR, agence de signal\u00e9tique et habillage engag\u00e9e en RSE : des solutions durables et responsables pour valoriser votre communication.","robots":{"index":"index","follow":"follow","max-snippet":"max-snippet:-1","max-image-preview":"max-image-preview:large","max-video-preview":"max-video-preview:-1"},"canonical":"https:\/\/www.br-agency.fr\/en\/nos-engagements\/","og_locale":"en_US","og_type":"article","og_title":"NOS ENGAGEMENTS - BR","og_description":"BR, agence de signal\u00e9tique et habillage engag\u00e9e en RSE : des solutions durables et responsables pour valoriser votre communication.","og_url":"https:\/\/www.br-agency.fr\/en\/nos-engagements\/","og_site_name":"BR","article_modified_time":"2025-07-01T09:22:37+00:00","og_image":[{"width":1544,"height":1536,"url":"https:\/\/www.br-agency.fr\/wp-content\/uploads\/2024\/11\/Engagement-Valeurs-fortes-et-partages.jpg","type":"image\/jpeg"}],"twitter_card":"summary_large_image","twitter_misc":{"Est. reading time":"2 minutes"},"schema":{"@context":"https:\/\/schema.org","@graph":[{"@type":"WebPage","@id":"https:\/\/www.br-agency.fr\/nos-engagements\/","url":"https:\/\/www.br-agency.fr\/nos-engagements\/","name":"NOS ENGAGEMENTS - BR","isPartOf":{"@id":"https:\/\/www.br-agency.fr\/#website"},"primaryImageOfPage":{"@id":"https:\/\/www.br-agency.fr\/nos-engagements\/#primaryimage"},"image":{"@id":"https:\/\/www.br-agency.fr\/nos-engagements\/#primaryimage"},"thumbnailUrl":"https:\/\/www.br-agency.fr\/wp-content\/uploads\/2024\/11\/Engagement-Valeurs-fortes-et-partages.jpg","datePublished":"2024-09-09T20:31:34+00:00","dateModified":"2025-07-01T09:22:37+00:00","description":"BR, agence de signal\u00e9tique et habillage engag\u00e9e en RSE : des solutions durables et responsables pour valoriser votre communication.","breadcrumb":{"@id":"https:\/\/www.br-agency.fr\/nos-engagements\/#breadcrumb"},"inLanguage":"en-US","potentialAction":[{"@type":"ReadAction","target":["https:\/\/www.br-agency.fr\/nos-engagements\/"]}]},{"@type":"ImageObject","inLanguage":"en-US","@id":"https:\/\/www.br-agency.fr\/nos-engagements\/#primaryimage","url":"https:\/\/www.br-agency.fr\/wp-content\/uploads\/2024\/11\/Engagement-Valeurs-fortes-et-partages.jpg","contentUrl":"https:\/\/www.br-agency.fr\/wp-content\/uploads\/2024\/11\/Engagement-Valeurs-fortes-et-partages.jpg","width":1544,"height":1536},{"@type":"BreadcrumbList","@id":"https:\/\/www.br-agency.fr\/nos-engagements\/#breadcrumb","itemListElement":[{"@type":"ListItem","position":1,"name":"Home","item":"https:\/\/www.br-agency.fr\/"},{"@type":"ListItem","position":2,"name":"NOS ENGAGEMENTS"}]},{"@type":"WebSite","@id":"https:\/\/www.br-agency.fr\/#website","url":"https:\/\/www.br-agency.fr\/","name":"BR","description":"Le sens de l&#039;impact","publisher":{"@id":"https:\/\/www.br-agency.fr\/#organization"},"potentialAction":[{"@type":"SearchAction","target":{"@type":"EntryPoint","urlTemplate":"https:\/\/www.br-agency.fr\/?s={search_term_string}"},"query-input":{"@type":"PropertyValueSpecification","valueRequired":true,"valueName":"search_term_string"}}],"inLanguage":"en-US"},{"@type":"Organization","@id":"https:\/\/www.br-agency.fr\/#organization","name":"BR","url":"https:\/\/www.br-agency.fr\/","logo":{"@type":"ImageObject","inLanguage":"en-US","@id":"https:\/\/www.br-agency.fr\/#\/schema\/logo\/image\/","url":"https:\/\/www.br-agency.fr\/wp-content\/uploads\/2024\/11\/BR-logo.svg","contentUrl":"https:\/\/www.br-agency.fr\/wp-content\/uploads\/2024\/11\/BR-logo.svg","width":76,"height":56,"caption":"BR"},"image":{"@id":"https:\/\/www.br-agency.fr\/#\/schema\/logo\/image\/"}}]}},"_links":{"self":[{"href":"https:\/\/www.br-agency.fr\/en\/wp-json\/wp\/v2\/pages\/94","targetHints":{"allow":["GET"]}}],"collection":[{"href":"https:\/\/www.br-agency.fr\/en\/wp-json\/wp\/v2\/pages"}],"about":[{"href":"https:\/\/www.br-agency.fr\/en\/wp-json\/wp\/v2\/types\/page"}],"author":[{"embeddable":true,"href":"https:\/\/www.br-agency.fr\/en\/wp-json\/wp\/v2\/users\/1"}],"replies":[{"embeddable":true,"href":"https:\/\/www.br-agency.fr\/en\/wp-json\/wp\/v2\/comments?post=94"}],"version-history":[{"count":0,"href":"https:\/\/www.br-agency.fr\/en\/wp-json\/wp\/v2\/pages\/94\/revisions"}],"wp:featuredmedia":[{"embeddable":true,"href":"https:\/\/www.br-agency.fr\/en\/wp-json\/wp\/v2\/media\/1376"}],"wp:attachment":[{"href":"https:\/\/www.br-agency.fr\/en\/wp-json\/wp\/v2\/media?parent=94"}],"curies":[{"name":"wp","href":"https:\/\/api.w.org\/{rel}","templated":true}]}}